{"id":384,"date":"2024-09-06T19:10:18","date_gmt":"2024-09-06T19:10:18","guid":{"rendered":"http:\/\/derivacionderesponsabilidad.es\/?page_id=384"},"modified":"2026-01-31T06:18:35","modified_gmt":"2026-01-31T06:18:35","slug":"faqs","status":"publish","type":"page","link":"https:\/\/derivacionderesponsabilidad.es\/en\/faqs\/","title":{"rendered":"FAQs"},"content":{"rendered":"<div data-elementor-type=\"wp-page\" data-elementor-id=\"384\" class=\"elementor elementor-384\" data-elementor-post-type=\"page\">\n\t\t\t\t<div class=\"elementor-element elementor-element-802dccb e-flex e-con-boxed e-con e-parent\" data-id=\"802dccb\" data-element_type=\"container\" data-settings=\"{&quot;background_background&quot;:&quot;gradient&quot;}\">\n\t\t\t\t\t<div class=\"e-con-inner\">\n\t\t\t\t<div class=\"elementor-element elementor-element-639dbe8 elementor-widget elementor-widget-heading\" data-id=\"639dbe8\" data-element_type=\"widget\" data-widget_type=\"heading.default\">\n\t\t\t\t<div class=\"elementor-widget-container\">\n\t\t\t<h2 class=\"elementor-heading-title elementor-size-default\">Preguntas frecuentes<\/h2>\t\t<\/div>\n\t\t\t\t<\/div>\n\t\t\t\t\t<\/div>\n\t\t\t\t<\/div>\n\t\t<div class=\"elementor-element elementor-element-389a3f5 e-con-full e-flex e-con e-parent\" data-id=\"389a3f5\" data-element_type=\"container\" data-settings=\"{&quot;background_background&quot;:&quot;classic&quot;}\">\n\t\t<div class=\"elementor-element elementor-element-c815f55 e-con-full e-flex e-con e-child\" data-id=\"c815f55\" data-element_type=\"container\">\n\t\t\t\t<div class=\"elementor-element elementor-element-359f32c elementor-widget elementor-widget-heading\" data-id=\"359f32c\" data-element_type=\"widget\" data-widget_type=\"heading.default\">\n\t\t\t\t<div class=\"elementor-widget-container\">\n\t\t\t<p class=\"elementor-heading-title elementor-size-default\">preguntas y respuestas<\/p>\t\t<\/div>\n\t\t\t\t<\/div>\n\t\t\t\t<div class=\"elementor-element elementor-element-6cbde27 elementor-widget elementor-widget-elementskit-heading\" data-id=\"6cbde27\" data-element_type=\"widget\" data-widget_type=\"elementskit-heading.default\">\n\t\t\t\t<div class=\"elementor-widget-container\">\n\t\t\t<div class=\"ekit-wid-con\" ><div class=\"ekit-heading elementskit-section-title-wraper text_left   ekit_heading_tablet-text_center   ekit_heading_mobile-text_center\"><h3 class=\"ekit-heading--title elementskit-section-title\">Preguntas frecuentes<\/h3><\/div><\/div>\t\t<\/div>\n\t\t\t\t<\/div>\n\t\t\t\t<div class=\"elementor-element elementor-element-7368b62 elementor-widget elementor-widget-text-editor\" data-id=\"7368b62\" data-element_type=\"widget\" data-widget_type=\"text-editor.default\">\n\t\t\t\t<div class=\"elementor-widget-container\">\n\t\t\t\t\t\t\t<p>Estamos para responder tus dudas.<\/p>\t\t\t\t\t\t<\/div>\n\t\t\t\t<\/div>\n\t\t\t\t<div class=\"elementor-element elementor-element-e1a734d elementor-widget elementor-widget-toggle\" data-id=\"e1a734d\" data-element_type=\"widget\" data-widget_type=\"toggle.default\">\n\t\t\t\t<div class=\"elementor-widget-container\">\n\t\t\t\t\t<div class=\"elementor-toggle\">\n\t\t\t\t\t\t\t<div class=\"elementor-toggle-item\">\n\t\t\t\t\t<h4 id=\"elementor-tab-title-2361\" class=\"elementor-tab-title\" data-tab=\"1\" role=\"button\" aria-controls=\"elementor-tab-content-2361\" aria-expanded=\"false\">\n\t\t\t\t\t\t\t\t\t\t\t\t<span class=\"elementor-toggle-icon elementor-toggle-icon-right\" aria-hidden=\"true\">\n\t\t\t\t\t\t\t\t\t\t\t\t\t\t\t<span class=\"elementor-toggle-icon-closed\"><i class=\"icon icon-down-arrow1\"><\/i><\/span>\n\t\t\t\t\t\t\t\t<span class=\"elementor-toggle-icon-opened\"><i class=\"elementor-toggle-icon-opened icon icon-up-arrow1\"><\/i><\/span>\n\t\t\t\t\t\t\t\t\t\t\t\t\t<\/span>\n\t\t\t\t\t\t\t\t\t\t\t\t<a class=\"elementor-toggle-title\" tabindex=\"0\">No puede ser. Precisamente mont\u00e9 una Sociedad de Responsabilidad Limitada con un capital de 3.000 euros para que mi responsabilidad se limitara a perder el capital aportado<\/a>\n\t\t\t\t\t<\/h4>\n\n\t\t\t\t\t<div id=\"elementor-tab-content-2361\" class=\"elementor-tab-content elementor-clearfix\" data-tab=\"1\" role=\"region\" aria-labelledby=\"elementor-tab-title-2361\"><p><span style=\"font-weight: 400;\">Por desgracia, esto no es as\u00ed, y la Agencia Tributaria (ojo, y la Tesorer\u00eda General de la Seguridad Social tambi\u00e9n) va a considerar que la insolvencia de tu empresa sobreviene como consecuencia de tu negligente gesti\u00f3n como administrador, por lo que va a cargar sobre tus espaldas la deuda de tu empresa.<\/span><\/p><\/div>\n\t\t\t\t<\/div>\n\t\t\t\t\t\t\t<div class=\"elementor-toggle-item\">\n\t\t\t\t\t<h4 id=\"elementor-tab-title-2362\" class=\"elementor-tab-title\" data-tab=\"2\" role=\"button\" aria-controls=\"elementor-tab-content-2362\" aria-expanded=\"false\">\n\t\t\t\t\t\t\t\t\t\t\t\t<span class=\"elementor-toggle-icon elementor-toggle-icon-right\" aria-hidden=\"true\">\n\t\t\t\t\t\t\t\t\t\t\t\t\t\t\t<span class=\"elementor-toggle-icon-closed\"><i class=\"icon icon-down-arrow1\"><\/i><\/span>\n\t\t\t\t\t\t\t\t<span class=\"elementor-toggle-icon-opened\"><i class=\"elementor-toggle-icon-opened icon icon-up-arrow1\"><\/i><\/span>\n\t\t\t\t\t\t\t\t\t\t\t\t\t<\/span>\n\t\t\t\t\t\t\t\t\t\t\t\t<a class=\"elementor-toggle-title\" tabindex=\"0\">Pero yo cerr\u00e9 la empresa, no tiene actividad, mi asesor la dio de baja hace a\u00f1os ya<\/a>\n\t\t\t\t\t<\/h4>\n\n\t\t\t\t\t<div id=\"elementor-tab-content-2362\" class=\"elementor-tab-content elementor-clearfix\" data-tab=\"2\" role=\"region\" aria-labelledby=\"elementor-tab-title-2362\"><p><span style=\"font-weight: 400;\">El cese de actividad no implica la disoluci\u00f3n y liquidaci\u00f3n ordenada de la misma, y mucho menos te exime del pago de las deudas. Por el contrario, s\u00ed que suele venir acompa\u00f1ado de dejar de cumplir con la obligaci\u00f3n anual de dep\u00f3sito de cuentas anuales en el registro Mercantil y de la presentaci\u00f3n del Impuesto de Sociedades ante la AEAT. Adem\u00e1s, estamos reconociendo impl\u00edcitamente la insolvencia de la empresa, o lo que es lo mismo, la imposibilidad de general tesorer\u00eda para afrontar el pago de las deudas pendientes.<\/span><\/p><p><span style=\"font-weight: 400;\">Transcurrido un a\u00f1o del cese de la actividad, la normativa exige la liquidaci\u00f3n de la empresa, y el no hacerlo, ya supone una negligencia como administrador.<\/span><\/p><\/div>\n\t\t\t\t<\/div>\n\t\t\t\t\t\t\t<div class=\"elementor-toggle-item\">\n\t\t\t\t\t<h4 id=\"elementor-tab-title-2363\" class=\"elementor-tab-title\" data-tab=\"3\" role=\"button\" aria-controls=\"elementor-tab-content-2363\" aria-expanded=\"false\">\n\t\t\t\t\t\t\t\t\t\t\t\t<span class=\"elementor-toggle-icon elementor-toggle-icon-right\" aria-hidden=\"true\">\n\t\t\t\t\t\t\t\t\t\t\t\t\t\t\t<span class=\"elementor-toggle-icon-closed\"><i class=\"icon icon-down-arrow1\"><\/i><\/span>\n\t\t\t\t\t\t\t\t<span class=\"elementor-toggle-icon-opened\"><i class=\"elementor-toggle-icon-opened icon icon-up-arrow1\"><\/i><\/span>\n\t\t\t\t\t\t\t\t\t\t\t\t\t<\/span>\n\t\t\t\t\t\t\t\t\t\t\t\t<a class=\"elementor-toggle-title\" tabindex=\"0\">Bueno, probablemente espere unos a\u00f1os y se olviden de todo esto, y termine prescribiendo<\/a>\n\t\t\t\t\t<\/h4>\n\n\t\t\t\t\t<div id=\"elementor-tab-content-2363\" class=\"elementor-tab-content elementor-clearfix\" data-tab=\"3\" role=\"region\" aria-labelledby=\"elementor-tab-title-2363\"><p><span style=\"font-weight: 400;\">Es cierto que las deudas con la Administraci\u00f3n pueden prescribir, pero en la pr\u00e1ctica, cada vez que la Agencia Tributaria o la Seguridad Social efect\u00faan una actuaci\u00f3n \u201crecord\u00e1ndote\u201d esa deuda, el plazo se interrumpe, y se vuelve a poner \u201cel contador a cero\u201d. Y esto es:<\/span><\/p><ul><li style=\"font-weight: 400;\" aria-level=\"1\"><span style=\"font-weight: 400;\">Cada vez que te embargan la n\u00f3mina.<\/span><\/li><li style=\"font-weight: 400;\" aria-level=\"1\"><span style=\"font-weight: 400;\">Cada vez que te entra un embargo en la cuenta bancaria.<\/span><\/li><li style=\"font-weight: 400;\" aria-level=\"1\"><span style=\"font-weight: 400;\">Al presentar la renta y lo que te sale a devolver se lo quedan a cuenta de la deuda.<\/span><\/li><li style=\"font-weight: 400;\" aria-level=\"1\"><span style=\"font-weight: 400;\">Cada vez que te llega una nueva notificaci\u00f3n record\u00e1ndote esa deuda.<\/span><\/li><\/ul><p><span style=\"font-weight: 400;\">En conclusi\u00f3n, es pr\u00e1cticamente imposible que la Administraci\u00f3n se olvide de esa deuda.<\/span><\/p><\/div>\n\t\t\t\t<\/div>\n\t\t\t\t\t\t\t<div class=\"elementor-toggle-item\">\n\t\t\t\t\t<h4 id=\"elementor-tab-title-2364\" class=\"elementor-tab-title\" data-tab=\"4\" role=\"button\" aria-controls=\"elementor-tab-content-2364\" aria-expanded=\"false\">\n\t\t\t\t\t\t\t\t\t\t\t\t<span class=\"elementor-toggle-icon elementor-toggle-icon-right\" aria-hidden=\"true\">\n\t\t\t\t\t\t\t\t\t\t\t\t\t\t\t<span class=\"elementor-toggle-icon-closed\"><i class=\"icon icon-down-arrow1\"><\/i><\/span>\n\t\t\t\t\t\t\t\t<span class=\"elementor-toggle-icon-opened\"><i class=\"elementor-toggle-icon-opened icon icon-up-arrow1\"><\/i><\/span>\n\t\t\t\t\t\t\t\t\t\t\t\t\t<\/span>\n\t\t\t\t\t\t\t\t\t\t\t\t<a class=\"elementor-toggle-title\" tabindex=\"0\">Vale, pero ahora, con La Ley de la Segunda Oportunidad, cuando ya tenga toda la deuda derivada a mi nombre, como no tengo bienes, solicito la exoneraci\u00f3n de la misma, y vuelvo a empezar. En los medios de comunicaci\u00f3n sale todos los d\u00edas que perdonan deudas de cientos de miles de euros<\/a>\n\t\t\t\t\t<\/h4>\n\n\t\t\t\t\t<div id=\"elementor-tab-content-2364\" class=\"elementor-tab-content elementor-clearfix\" data-tab=\"4\" role=\"region\" aria-labelledby=\"elementor-tab-title-2364\"><p><span style=\"font-weight: 400;\">Lamentamos decirte que la nueva Ley Concursal limita (y la Uni\u00f3n Europea ya ha dado el visto bueno) a una exoneraci\u00f3n de pasivo insatisfecho de DIEZ MIL EUROS por cada organismo p\u00fablico acreedor: solamente te van a perdonar hasta un m\u00e1ximo de 10.000 \u20ac de la AEAT, y otros tantos de la Seguridad Social.<\/span><\/p><\/div>\n\t\t\t\t<\/div>\n\t\t\t\t\t\t\t<div class=\"elementor-toggle-item\">\n\t\t\t\t\t<h4 id=\"elementor-tab-title-2365\" class=\"elementor-tab-title\" data-tab=\"5\" role=\"button\" aria-controls=\"elementor-tab-content-2365\" aria-expanded=\"false\">\n\t\t\t\t\t\t\t\t\t\t\t\t<span class=\"elementor-toggle-icon elementor-toggle-icon-right\" aria-hidden=\"true\">\n\t\t\t\t\t\t\t\t\t\t\t\t\t\t\t<span class=\"elementor-toggle-icon-closed\"><i class=\"icon icon-down-arrow1\"><\/i><\/span>\n\t\t\t\t\t\t\t\t<span class=\"elementor-toggle-icon-opened\"><i class=\"elementor-toggle-icon-opened icon icon-up-arrow1\"><\/i><\/span>\n\t\t\t\t\t\t\t\t\t\t\t\t\t<\/span>\n\t\t\t\t\t\t\t\t\t\t\t\t<a class=\"elementor-toggle-title\" tabindex=\"0\">Bueno, no tengo nada a mi nombre, est\u00e1 todo a nombre de mi pareja<\/a>\n\t\t\t\t\t<\/h4>\n\n\t\t\t\t\t<div id=\"elementor-tab-content-2365\" class=\"elementor-tab-content elementor-clearfix\" data-tab=\"5\" role=\"region\" aria-labelledby=\"elementor-tab-title-2365\"><p><span style=\"font-weight: 400;\">De acuerdo, pero no vas a poder acceder a ninguna subvenci\u00f3n, ayuda, ni siquiera a la pensi\u00f3n de jubilaci\u00f3n en la mayor\u00eda de los casos, aunque tuvieras derecho por los a\u00f1os cotizados. \u00bfNo crees que vale la pena intentar luchar para evitarlo?<\/span><\/p><\/div>\n\t\t\t\t<\/div>\n\t\t\t\t\t\t\t\t\t\t<script type=\"application\/ld+json\">{\"@context\":\"https:\\\/\\\/schema.org\",\"@type\":\"FAQPage\",\"mainEntity\":[{\"@type\":\"Question\",\"name\":\"No puede ser. Precisamente mont\\u00e9 una Sociedad de Responsabilidad Limitada con un capital de 3.000 euros para que mi responsabilidad se limitara a perder el capital aportado\",\"acceptedAnswer\":{\"@type\":\"Answer\",\"text\":\"<p><span style=\\\"font-weight: 400;\\\">Por desgracia, esto no es as\\u00ed, y la Agencia Tributaria (ojo, y la Tesorer\\u00eda General de la Seguridad Social tambi\\u00e9n) va a considerar que la insolvencia de tu empresa sobreviene como consecuencia de tu negligente gesti\\u00f3n como administrador, por lo que va a cargar sobre tus espaldas la deuda de tu empresa.<\\\/span><\\\/p>\"}},{\"@type\":\"Question\",\"name\":\"Pero yo cerr\\u00e9 la empresa, no tiene actividad, mi asesor la dio de baja hace a\\u00f1os ya\",\"acceptedAnswer\":{\"@type\":\"Answer\",\"text\":\"<p><span style=\\\"font-weight: 400;\\\">El cese de actividad no implica la disoluci\\u00f3n y liquidaci\\u00f3n ordenada de la misma, y mucho menos te exime del pago de las deudas. Por el contrario, s\\u00ed que suele venir acompa\\u00f1ado de dejar de cumplir con la obligaci\\u00f3n anual de dep\\u00f3sito de cuentas anuales en el registro Mercantil y de la presentaci\\u00f3n del Impuesto de Sociedades ante la AEAT. Adem\\u00e1s, estamos reconociendo impl\\u00edcitamente la insolvencia de la empresa, o lo que es lo mismo, la imposibilidad de general tesorer\\u00eda para afrontar el pago de las deudas pendientes.<\\\/span><\\\/p><p><span style=\\\"font-weight: 400;\\\">Transcurrido un a\\u00f1o del cese de la actividad, la normativa exige la liquidaci\\u00f3n de la empresa, y el no hacerlo, ya supone una negligencia como administrador.<\\\/span><\\\/p>\"}},{\"@type\":\"Question\",\"name\":\"Bueno, probablemente espere unos a\\u00f1os y se olviden de todo esto, y termine prescribiendo\",\"acceptedAnswer\":{\"@type\":\"Answer\",\"text\":\"<p><span style=\\\"font-weight: 400;\\\">Es cierto que las deudas con la Administraci\\u00f3n pueden prescribir, pero en la pr\\u00e1ctica, cada vez que la Agencia Tributaria o la Seguridad Social efect\\u00faan una actuaci\\u00f3n \\u201crecord\\u00e1ndote\\u201d esa deuda, el plazo se interrumpe, y se vuelve a poner \\u201cel contador a cero\\u201d. Y esto es:<\\\/span><\\\/p><ul><li style=\\\"font-weight: 400;\\\" aria-level=\\\"1\\\"><span style=\\\"font-weight: 400;\\\">Cada vez que te embargan la n\\u00f3mina.<\\\/span><\\\/li><li style=\\\"font-weight: 400;\\\" aria-level=\\\"1\\\"><span style=\\\"font-weight: 400;\\\">Cada vez que te entra un embargo en la cuenta bancaria.<\\\/span><\\\/li><li style=\\\"font-weight: 400;\\\" aria-level=\\\"1\\\"><span style=\\\"font-weight: 400;\\\">Al presentar la renta y lo que te sale a devolver se lo quedan a cuenta de la deuda.<\\\/span><\\\/li><li style=\\\"font-weight: 400;\\\" aria-level=\\\"1\\\"><span style=\\\"font-weight: 400;\\\">Cada vez que te llega una nueva notificaci\\u00f3n record\\u00e1ndote esa deuda.<\\\/span><\\\/li><\\\/ul><p><span style=\\\"font-weight: 400;\\\">En conclusi\\u00f3n, es pr\\u00e1cticamente imposible que la Administraci\\u00f3n se olvide de esa deuda.<\\\/span><\\\/p>\"}},{\"@type\":\"Question\",\"name\":\"Vale, pero ahora, con La Ley de la Segunda Oportunidad, cuando ya tenga toda la deuda derivada a mi nombre, como no tengo bienes, solicito la exoneraci\\u00f3n de la misma, y vuelvo a empezar. En los medios de comunicaci\\u00f3n sale todos los d\\u00edas que perdonan deudas de cientos de miles de euros\",\"acceptedAnswer\":{\"@type\":\"Answer\",\"text\":\"<p><span style=\\\"font-weight: 400;\\\">Lamentamos decirte que la nueva Ley Concursal limita (y la Uni\\u00f3n Europea ya ha dado el visto bueno) a una exoneraci\\u00f3n de pasivo insatisfecho de DIEZ MIL EUROS por cada organismo p\\u00fablico acreedor: solamente te van a perdonar hasta un m\\u00e1ximo de 10.000 \\u20ac de la AEAT, y otros tantos de la Seguridad Social.<\\\/span><\\\/p>\"}},{\"@type\":\"Question\",\"name\":\"Bueno, no tengo nada a mi nombre, est\\u00e1 todo a nombre de mi pareja\",\"acceptedAnswer\":{\"@type\":\"Answer\",\"text\":\"<p><span style=\\\"font-weight: 400;\\\">De acuerdo, pero no vas a poder acceder a ninguna subvenci\\u00f3n, ayuda, ni siquiera a la pensi\\u00f3n de jubilaci\\u00f3n en la mayor\\u00eda de los casos, aunque tuvieras derecho por los a\\u00f1os cotizados. \\u00bfNo crees que vale la pena intentar luchar para evitarlo?<\\\/span><\\\/p>\"}}]}<\/script>\n\t\t\t\t\t<\/div>\n\t\t\t\t<\/div>\n\t\t\t\t<\/div>\n\t\t\t\t<\/div>\n\t\t<div class=\"elementor-element elementor-element-a1fd4ca e-con-full e-flex e-con e-child\" data-id=\"a1fd4ca\" data-element_type=\"container\" data-settings=\"{&quot;background_background&quot;:&quot;classic&quot;}\">\n\t\t\t\t<\/div>\n\t\t\t\t<\/div>\n\t\t<div class=\"elementor-element elementor-element-76eda4c e-con-full e-flex e-con e-parent\" data-id=\"76eda4c\" data-element_type=\"container\">\n\t\t<div class=\"elementor-element elementor-element-31d063d e-con-full e-flex e-con e-child\" data-id=\"31d063d\" data-element_type=\"container\" data-settings=\"{&quot;background_background&quot;:&quot;gradient&quot;}\">\n\t\t<div class=\"elementor-element elementor-element-d100072 e-con-full e-flex e-con e-child\" data-id=\"d100072\" data-element_type=\"container\">\n\t\t\t\t<div class=\"elementor-element elementor-element-a807b99 elementor-widget elementor-widget-elementskit-heading\" data-id=\"a807b99\" data-element_type=\"widget\" data-widget_type=\"elementskit-heading.default\">\n\t\t\t\t<div class=\"elementor-widget-container\">\n\t\t\t<div class=\"ekit-wid-con\" ><div class=\"ekit-heading elementskit-section-title-wraper text_left   ekit_heading_tablet-text_center   ekit_heading_mobile-\"><h3 class=\"ekit-heading--title elementskit-section-title\">Contact us for a Free Consultation<\/h3><\/div><\/div>\t\t<\/div>\n\t\t\t\t<\/div>\n\t\t\t\t<div class=\"elementor-element elementor-element-790d4cc elementor-widget elementor-widget-heading\" data-id=\"790d4cc\" data-element_type=\"widget\" data-widget_type=\"heading.default\">\n\t\t\t\t<div class=\"elementor-widget-container\">\n\t\t\t<p class=\"elementor-heading-title elementor-size-default\">Get expert advice and learn how we can help you protect your interests prosecutors. Agenda your free consultation now and start securing your financial future.\n<\/p>\t\t<\/div>\n\t\t\t\t<\/div>\n\t\t\t\t<\/div>\n\t\t<div class=\"elementor-element elementor-element-287a71f e-con-full e-flex e-con e-child\" data-id=\"287a71f\" data-element_type=\"container\" data-settings=\"{&quot;background_background&quot;:&quot;classic&quot;}\">\n\t\t\t\t<div class=\"elementor-element elementor-element-522c800 elementor-button-align-stretch elementor-widget elementor-widget-form\" data-id=\"522c800\" data-element_type=\"widget\" data-settings=\"{&quot;step_next_label&quot;:&quot;Next&quot;,&quot;step_previous_label&quot;:&quot;Previous&quot;,&quot;button_width&quot;:&quot;100&quot;,&quot;step_type&quot;:&quot;number_text&quot;,&quot;step_icon_shape&quot;:&quot;circle&quot;}\" data-widget_type=\"form.default\">\n\t\t\t\t<div class=\"elementor-widget-container\">\n\t\t\t\t\t<form class=\"elementor-form\" method=\"post\" name=\"New Form\" action=\"\">\n\t\t\t<input type=\"hidden\" name=\"post_id\" value=\"384\"\/>\n\t\t\t<input type=\"hidden\" name=\"form_id\" value=\"522c800\"\/>\n\t\t\t<input type=\"hidden\" name=\"referer_title\" value=\"FAQs\" \/>\n\n\t\t\t\t\t\t\t<input type=\"hidden\" name=\"queried_id\" value=\"384\"\/>\n\t\t\t\n\t\t\t<div class=\"elementor-form-fields-wrapper elementor-labels-\">\n\t\t\t\t\t\t\t\t<div class=\"elementor-field-type-text elementor-field-group elementor-column elementor-field-group-name elementor-col-50\">\n\t\t\t\t\t\t\t\t\t\t\t\t<label for=\"form-field-name\" class=\"elementor-field-label elementor-screen-only\">\n\t\t\t\t\t\t\t\tName\t\t\t\t\t\t\t<\/label>\n\t\t\t\t\t\t\t\t\t\t\t\t\t\t<input size=\"1\" type=\"text\" name=\"form_fields[name]\" id=\"form-field-name\" class=\"elementor-field elementor-size-sm  elementor-field-textual\" placeholder=\"Your name..\">\n\t\t\t\t\t\t\t\t\t\t\t<\/div>\n\t\t\t\t\t\t\t\t<div class=\"elementor-field-type-number elementor-field-group elementor-column elementor-field-group-field_de12c98 elementor-col-50\">\n\t\t\t\t\t\t\t\t\t\t\t\t<label for=\"form-field-field_de12c98\" class=\"elementor-field-label elementor-screen-only\">\n\t\t\t\t\t\t\t\tPhone number\t\t\t\t\t\t\t<\/label>\n\t\t\t\t\t\t\t\t\t<input type=\"number\" name=\"form_fields[field_de12c98]\" id=\"form-field-field_de12c98\" class=\"elementor-field elementor-size-sm  elementor-field-textual\" placeholder=\"Phone number\" min=\"\" max=\"\" >\n\t\t\t\t\t\t<\/div>\n\t\t\t\t\t\t\t\t<div class=\"elementor-field-type-email elementor-field-group elementor-column elementor-field-group-email elementor-col-100 elementor-field-required\">\n\t\t\t\t\t\t\t\t\t\t\t\t<label for=\"form-field-email\" class=\"elementor-field-label elementor-screen-only\">\n\t\t\t\t\t\t\t\tEmail\t\t\t\t\t\t\t<\/label>\n\t\t\t\t\t\t\t\t\t\t\t\t\t\t<input size=\"1\" type=\"email\" name=\"form_fields[email]\" id=\"form-field-email\" class=\"elementor-field elementor-size-sm  elementor-field-textual\" placeholder=\"Your email...\" required=\"required\">\n\t\t\t\t\t\t\t\t\t\t\t<\/div>\n\t\t\t\t\t\t\t\t<div class=\"elementor-field-group elementor-column elementor-field-type-submit elementor-col-100 e-form__buttons\">\n\t\t\t\t\t<button class=\"elementor-button elementor-size-sm\" type=\"submit\">\n\t\t\t\t\t\t<span class=\"elementor-button-content-wrapper\">\n\t\t\t\t\t\t\t\t\t\t\t\t\t\t\t\t\t\t\t\t\t\t<span class=\"elementor-button-text\">GET QUOTES<\/span>\n\t\t\t\t\t\t\t\t\t\t\t\t\t<\/span>\n\t\t\t\t\t<\/button>\n\t\t\t\t<\/div>\n\t\t\t<\/div>\n\t\t<input type=\"hidden\" name=\"trp-form-language\" value=\"en\"\/><\/form>\n\t\t\t\t<\/div>\n\t\t\t\t<\/div>\n\t\t\t\t<\/div>\n\t\t\t\t<\/div>\n\t\t\t\t<\/div>\n\t\t\t\t<\/div>","protected":false},"excerpt":{"rendered":"<p>Preguntas frecuentes preguntas y respuestas Preguntas frecuentes Estamos para responder tus dudas. No puede ser. Precisamente mont\u00e9 una Sociedad de Responsabilidad Limitada con un capital de 3.000 euros para que mi responsabilidad se limitara a perder el capital aportado Por desgracia, esto no es as\u00ed, y la Agencia Tributaria (ojo, y la Tesorer\u00eda General de [&hellip;]<\/p>","protected":false},"author":1,"featured_media":0,"parent":0,"menu_order":0,"comment_status":"closed","ping_status":"closed","template":"","meta":{"footnotes":""},"class_list":["post-384","page","type-page","status-publish","hentry"],"_links":{"self":[{"href":"https:\/\/derivacionderesponsabilidad.es\/en\/wp-json\/wp\/v2\/pages\/384","targetHints":{"allow":["GET"]}}],"collection":[{"href":"https:\/\/derivacionderesponsabilidad.es\/en\/wp-json\/wp\/v2\/pages"}],"about":[{"href":"https:\/\/derivacionderesponsabilidad.es\/en\/wp-json\/wp\/v2\/types\/page"}],"author":[{"embeddable":true,"href":"https:\/\/derivacionderesponsabilidad.es\/en\/wp-json\/wp\/v2\/users\/1"}],"replies":[{"embeddable":true,"href":"https:\/\/derivacionderesponsabilidad.es\/en\/wp-json\/wp\/v2\/comments?post=384"}],"version-history":[{"count":10,"href":"https:\/\/derivacionderesponsabilidad.es\/en\/wp-json\/wp\/v2\/pages\/384\/revisions"}],"predecessor-version":[{"id":456,"href":"https:\/\/derivacionderesponsabilidad.es\/en\/wp-json\/wp\/v2\/pages\/384\/revisions\/456"}],"wp:attachment":[{"href":"https:\/\/derivacionderesponsabilidad.es\/en\/wp-json\/wp\/v2\/media?parent=384"}],"curies":[{"name":"wp","href":"https:\/\/api.w.org\/{rel}","templated":true}]}}