{"id":76,"date":"2024-08-02T05:01:28","date_gmt":"2024-08-02T05:01:28","guid":{"rendered":"http:\/\/derivacionderesponsabilidad.es\/?page_id=76"},"modified":"2024-09-06T19:33:43","modified_gmt":"2024-09-06T19:33:43","slug":"servicios","status":"publish","type":"page","link":"https:\/\/derivacionderesponsabilidad.es\/en\/servicios\/","title":{"rendered":"Services"},"content":{"rendered":"<div data-elementor-type=\"wp-page\" data-elementor-id=\"76\" class=\"elementor elementor-76\" data-elementor-post-type=\"page\">\n\t\t\t\t<div class=\"elementor-element elementor-element-84fcd78 e-flex e-con-boxed e-con e-parent\" data-id=\"84fcd78\" data-element_type=\"container\" data-settings=\"{&quot;background_background&quot;:&quot;gradient&quot;}\">\n\t\t\t\t\t<div class=\"e-con-inner\">\n\t\t\t\t<div class=\"elementor-element elementor-element-548f682 elementor-widget elementor-widget-heading\" data-id=\"548f682\" data-element_type=\"widget\" data-widget_type=\"heading.default\">\n\t\t\t\t<div class=\"elementor-widget-container\">\n\t\t\t<h2 class=\"elementor-heading-title elementor-size-default\">Services<\/h2>\t\t<\/div>\n\t\t\t\t<\/div>\n\t\t\t\t<div class=\"elementor-element elementor-element-b698eb9 elementor-icon-list--layout-inline elementor-align-center elementor-list-item-link-full_width elementor-widget elementor-widget-icon-list\" data-id=\"b698eb9\" data-element_type=\"widget\" data-widget_type=\"icon-list.default\">\n\t\t\t\t<div class=\"elementor-widget-container\">\n\t\t\t\t\t<ul class=\"elementor-icon-list-items elementor-inline-items\">\n\t\t\t\t\t\t\t<li class=\"elementor-icon-list-item elementor-inline-item\">\n\t\t\t\t\t\t\t\t\t\t<span class=\"elementor-icon-list-text\">Home<\/span>\n\t\t\t\t\t\t\t\t\t<\/li>\n\t\t\t\t\t\t\t\t<li class=\"elementor-icon-list-item elementor-inline-item\">\n\t\t\t\t\t\t\t\t\t\t\t<span class=\"elementor-icon-list-icon\">\n\t\t\t\t\t\t\t<i aria-hidden=\"true\" class=\"icon icon-right-arrow2\"><\/i>\t\t\t\t\t\t<\/span>\n\t\t\t\t\t\t\t\t\t\t<span class=\"elementor-icon-list-text\">Services<\/span>\n\t\t\t\t\t\t\t\t\t<\/li>\n\t\t\t\t\t\t<\/ul>\n\t\t\t\t<\/div>\n\t\t\t\t<\/div>\n\t\t\t\t\t<\/div>\n\t\t\t\t<\/div>\n\t\t<div class=\"elementor-element elementor-element-f16412c e-flex e-con-boxed e-con e-parent\" data-id=\"f16412c\" data-element_type=\"container\" data-settings=\"{&quot;background_background&quot;:&quot;gradient&quot;}\">\n\t\t\t\t\t<div class=\"e-con-inner\">\n\t\t\t\t<div class=\"elementor-element elementor-element-db30202 elementor-widget__width-inherit elementor-widget elementor-widget-heading\" data-id=\"db30202\" data-element_type=\"widget\" data-widget_type=\"heading.default\">\n\t\t\t\t<div class=\"elementor-widget-container\">\n\t\t\t<p class=\"elementor-heading-title elementor-size-default\">Services<\/p>\t\t<\/div>\n\t\t\t\t<\/div>\n\t\t\t\t<div class=\"elementor-element elementor-element-894e0b6 elementor-widget__width-inherit elementor-widget elementor-widget-elementskit-heading\" data-id=\"894e0b6\" data-element_type=\"widget\" data-widget_type=\"elementskit-heading.default\">\n\t\t\t\t<div class=\"elementor-widget-container\">\n\t\t\t<div class=\"ekit-wid-con\" ><div class=\"ekit-heading elementskit-section-title-wraper text_left   ekit_heading_tablet-   ekit_heading_mobile-text_center\"><h3 class=\"ekit-heading--title elementskit-section-title\">Our services<\/h3><\/div><\/div>\t\t<\/div>\n\t\t\t\t<\/div>\n\t\t<div class=\"elementor-element elementor-element-ad6917c e-con-full e-flex e-con e-child\" data-id=\"ad6917c\" data-element_type=\"container\">\n\t\t<div class=\"elementor-element elementor-element-5ee2174 e-con-full e-flex e-con e-child\" data-id=\"5ee2174\" data-element_type=\"container\">\n\t\t\t\t<div class=\"elementor-element elementor-element-63c2ce7 ekit-equal-height-disable elementor-widget elementor-widget-elementskit-icon-box\" data-id=\"63c2ce7\" data-element_type=\"widget\" data-widget_type=\"elementskit-icon-box.default\">\n\t\t\t\t<div class=\"elementor-widget-container\">\n\t\t\t<div class=\"ekit-wid-con\" >        <!-- link opening -->\n                <a href=\"#\" class=\"ekit_global_links\">\n                <!-- end link opening -->\n\n        <div class=\"elementskit-infobox text-center text- icon-top-align elementor-animation-\">\n                    <div class=\"elementskit-box-header elementor-animation-\">\n                <div class=\"elementskit-info-box-icon\">\n                    <i aria-hidden=\"true\" class=\"elementkit-infobox-icon icon icon-Money\"><\/i>\n                <\/div>\n          <\/div>\n                        <div class=\"box-body\">\n                            <h3 class=\"elementskit-info-box-title\">\n                    Asesor\u00eda Fiscal Integral                <\/h3>\n                        \t\t  \t<p>Proporcionamos asesoramiento especializado en todos los aspectos fiscales, ayudando a empresas y particulares a optimizar sus responsabilidades tributarias y a cumplir con las normativas vigentes. Nuestro equipo te guiar\u00e1 en la planificaci\u00f3n fiscal estrat\u00e9gica, declaraci\u00f3n de impuestos y resoluci\u00f3n de problemas con la Agencia Tributaria.\n<\/p>\n                                <\/div>\n        \n        \n                <\/div>\n                <\/a>\n        <\/div>\t\t<\/div>\n\t\t\t\t<\/div>\n\t\t\t\t<\/div>\n\t\t<div class=\"elementor-element elementor-element-132ba1c e-con-full e-flex e-con e-child\" data-id=\"132ba1c\" data-element_type=\"container\">\n\t\t\t\t<div class=\"elementor-element elementor-element-2faad16 ekit-equal-height-disable elementor-widget elementor-widget-elementskit-icon-box\" data-id=\"2faad16\" data-element_type=\"widget\" data-widget_type=\"elementskit-icon-box.default\">\n\t\t\t\t<div class=\"elementor-widget-container\">\n\t\t\t<div class=\"ekit-wid-con\" >        <!-- link opening -->\n                <a href=\"#\" class=\"ekit_global_links\">\n                <!-- end link opening -->\n\n        <div class=\"elementskit-infobox text-center text- icon-top-align elementor-animation-\">\n                    <div class=\"elementskit-box-header elementor-animation-\">\n                <div class=\"elementskit-info-box-icon\">\n                    <i aria-hidden=\"true\" class=\"elementkit-infobox-icon icon icon-shield1\"><\/i>\n                <\/div>\n          <\/div>\n                        <div class=\"box-body\">\n                            <h3 class=\"elementskit-info-box-title\">\n                    Derivaci\u00f3n de Responsabilidad Tributaria                <\/h3>\n                        \t\t  \t<p>Ofrecemos soluciones efectivas para casos de derivaci\u00f3n de responsabilidad solidaria y subsidiaria. Analizamos tu situaci\u00f3n espec\u00edfica y dise\u00f1amos estrategias para minimizar los riesgos y proteger tus intereses legales y financieros. Nuestro objetivo es asegurar que est\u00e9s completamente informado y preparado para enfrentar cualquier eventualidad.\n<\/p>\n                                <\/div>\n        \n        \n                <\/div>\n                <\/a>\n        <\/div>\t\t<\/div>\n\t\t\t\t<\/div>\n\t\t\t\t<\/div>\n\t\t<div class=\"elementor-element elementor-element-61346f0 e-con-full e-flex e-con e-child\" data-id=\"61346f0\" data-element_type=\"container\">\n\t\t\t\t<div class=\"elementor-element elementor-element-ce7c085 ekit-equal-height-disable elementor-widget elementor-widget-elementskit-icon-box\" data-id=\"ce7c085\" data-element_type=\"widget\" data-widget_type=\"elementskit-icon-box.default\">\n\t\t\t\t<div class=\"elementor-widget-container\">\n\t\t\t<div class=\"ekit-wid-con\" >        <!-- link opening -->\n                <a href=\"#\" class=\"ekit_global_links\">\n                <!-- end link opening -->\n\n        <div class=\"elementskit-infobox text-center text- icon-top-align elementor-animation-\">\n                    <div class=\"elementskit-box-header elementor-animation-\">\n                <div class=\"elementskit-info-box-icon\">\n                    <i aria-hidden=\"true\" class=\"elementkit-infobox-icon icon icon-target-2\"><\/i>\n                <\/div>\n          <\/div>\n                        <div class=\"box-body\">\n                            <h3 class=\"elementskit-info-box-title\">\n                    Legal protection and Tax                <\/h3>\n                        \t\t  \t<p>Defendemos tus derechos ante posibles litigios fiscales y sanciones. Nuestro equipo de abogados expertos en derecho tributario te representa y asesora en todas las etapas del proceso legal, garantizando una defensa s\u00f3lida y bien fundamentada.\n<\/p>\n                                <\/div>\n        \n        \n                <\/div>\n                <\/a>\n        <\/div>\t\t<\/div>\n\t\t\t\t<\/div>\n\t\t\t\t<\/div>\n\t\t\t\t<\/div>\n\t\t<div class=\"elementor-element elementor-element-8c546c3 e-con-full e-flex e-con e-child\" data-id=\"8c546c3\" data-element_type=\"container\">\n\t\t<div class=\"elementor-element elementor-element-e558d77 e-con-full e-flex e-con e-child\" data-id=\"e558d77\" data-element_type=\"container\">\n\t\t\t\t<div class=\"elementor-element elementor-element-5a4bc2e ekit-equal-height-disable elementor-widget elementor-widget-elementskit-icon-box\" data-id=\"5a4bc2e\" data-element_type=\"widget\" data-widget_type=\"elementskit-icon-box.default\">\n\t\t\t\t<div class=\"elementor-widget-container\">\n\t\t\t<div class=\"ekit-wid-con\" >        <!-- link opening -->\n                <a href=\"#\" class=\"ekit_global_links\">\n                <!-- end link opening -->\n\n        <div class=\"elementskit-infobox text-center text- icon-top-align elementor-animation-\">\n                    <div class=\"elementskit-box-header elementor-animation-\">\n                <div class=\"elementskit-info-box-icon\">\n                    <i aria-hidden=\"true\" class=\"elementkit-infobox-icon icon icon-wallet1\"><\/i>\n                <\/div>\n          <\/div>\n                        <div class=\"box-body\">\n                            <h3 class=\"elementskit-info-box-title\">\n                    Personalized Consulting                <\/h3>\n                        \t\t  \t<p>Cada cliente es \u00fanico, y nuestras soluciones tambi\u00e9n lo son. Realizamos un an\u00e1lisis detallado de tus necesidades y circunstancias para ofrecerte un plan personalizado que optimice tus operaciones fiscales. Desde la reestructuraci\u00f3n de empresas hasta la gesti\u00f3n de patrimonios, nos adaptamos a tus objetivos y expectativas.\n<\/p>\n                                <\/div>\n        \n        \n                <\/div>\n                <\/a>\n        <\/div>\t\t<\/div>\n\t\t\t\t<\/div>\n\t\t\t\t<\/div>\n\t\t<div class=\"elementor-element elementor-element-753fe3c e-con-full e-flex e-con e-child\" data-id=\"753fe3c\" data-element_type=\"container\">\n\t\t\t\t<div class=\"elementor-element elementor-element-b248d9d ekit-equal-height-disable elementor-widget elementor-widget-elementskit-icon-box\" data-id=\"b248d9d\" data-element_type=\"widget\" data-widget_type=\"elementskit-icon-box.default\">\n\t\t\t\t<div class=\"elementor-widget-container\">\n\t\t\t<div class=\"ekit-wid-con\" >        <!-- link opening -->\n                <a href=\"#\" class=\"ekit_global_links\">\n                <!-- end link opening -->\n\n        <div class=\"elementskit-infobox text-center text- icon-top-align elementor-animation-\">\n                    <div class=\"elementskit-box-header elementor-animation-\">\n                <div class=\"elementskit-info-box-icon\">\n                    <i aria-hidden=\"true\" class=\"elementkit-infobox-icon icon icon-shopping-cart-1\"><\/i>\n                <\/div>\n          <\/div>\n                        <div class=\"box-body\">\n                            <h3 class=\"elementskit-info-box-title\">\n                    Planificaci\u00f3n y Estrategia Financiera                <\/h3>\n                        \t\t  \t<p>Ayudamos a planificar y estructurar tus finanzas para el futuro. Ya sea que est\u00e9s buscando maximizar tus ahorros fiscales, planificar para la jubilaci\u00f3n, o gestionar tu patrimonio, nuestros expertos est\u00e1n aqu\u00ed para ofrecerte las mejores estrategias y consejos.\n<\/p>\n                                <\/div>\n        \n        \n                <\/div>\n                <\/a>\n        <\/div>\t\t<\/div>\n\t\t\t\t<\/div>\n\t\t\t\t<\/div>\n\t\t<div class=\"elementor-element elementor-element-5455d59 e-con-full e-flex e-con e-child\" data-id=\"5455d59\" data-element_type=\"container\">\n\t\t\t\t<div class=\"elementor-element elementor-element-13dd453 ekit-equal-height-disable elementor-widget elementor-widget-elementskit-icon-box\" data-id=\"13dd453\" data-element_type=\"widget\" data-widget_type=\"elementskit-icon-box.default\">\n\t\t\t\t<div class=\"elementor-widget-container\">\n\t\t\t<div class=\"ekit-wid-con\" >        <!-- link opening -->\n                <a href=\"#\" class=\"ekit_global_links\">\n                <!-- end link opening -->\n\n        <div class=\"elementskit-infobox text-center text- icon-top-align elementor-animation-\">\n                    <div class=\"elementskit-box-header elementor-animation-\">\n                <div class=\"elementskit-info-box-icon\">\n                    <i aria-hidden=\"true\" class=\"elementkit-infobox-icon icon icon-credit-card\"><\/i>\n                <\/div>\n          <\/div>\n                        <div class=\"box-body\">\n                            <h3 class=\"elementskit-info-box-title\">\n                    Gesti\u00f3n de Deudas y Soluciones de Insolvencia                <\/h3>\n                        \t\t  \t<p>En situaciones de dificultades financieras, ofrecemos asesoramiento y estrategias para la gesti\u00f3n de deudas y la reestructuraci\u00f3n. Trabajamos contigo para encontrar soluciones que te permitan salir de la insolvencia y asegurar la estabilidad financiera a largo plazo.\n<\/p>\n                                <\/div>\n        \n        \n                <\/div>\n                <\/a>\n        <\/div>\t\t<\/div>\n\t\t\t\t<\/div>\n\t\t\t\t<\/div>\n\t\t\t\t<\/div>\n\t\t\t\t\t<\/div>\n\t\t\t\t<\/div>\n\t\t<div class=\"elementor-element elementor-element-c6d484b e-con-full e-flex e-con e-parent\" data-id=\"c6d484b\" data-element_type=\"container\">\n\t\t<div class=\"elementor-element elementor-element-fc90676 e-con-full e-flex e-con e-child\" data-id=\"fc90676\" data-element_type=\"container\" data-settings=\"{&quot;background_background&quot;:&quot;gradient&quot;}\">\n\t\t<div class=\"elementor-element elementor-element-3ba8cc0 e-con-full e-flex e-con e-child\" data-id=\"3ba8cc0\" data-element_type=\"container\">\n\t\t\t\t<div class=\"elementor-element elementor-element-0ba56c5 elementor-widget elementor-widget-elementskit-heading\" data-id=\"0ba56c5\" data-element_type=\"widget\" data-widget_type=\"elementskit-heading.default\">\n\t\t\t\t<div class=\"elementor-widget-container\">\n\t\t\t<div class=\"ekit-wid-con\" ><div class=\"ekit-heading elementskit-section-title-wraper text_left   ekit_heading_tablet-text_center   ekit_heading_mobile-\"><h3 class=\"ekit-heading--title elementskit-section-title\">\u00bfPor qu\u00e9 Elegirnos?<\/h3><\/div><\/div>\t\t<\/div>\n\t\t\t\t<\/div>\n\t\t\t\t<div class=\"elementor-element elementor-element-071a4a7 elementor-widget elementor-widget-heading\" data-id=\"071a4a7\" data-element_type=\"widget\" data-widget_type=\"heading.default\">\n\t\t\t\t<div class=\"elementor-widget-container\">\n\t\t\t<p class=\"elementor-heading-title elementor-size-default\">Experiencia y Conocimiento: Con a\u00f1os de experiencia en el sector, contamos con un profundo conocimiento de la legislaci\u00f3n fiscal y legal.\n<br><\/br>\nEnfoque Personalizado: Adaptamos nuestras soluciones a las necesidades espec\u00edficas de cada cliente.\n<br><\/br>\nTransparencia y \u00c9tica: Trabajamos con total transparencia, garantizando una comunicaci\u00f3n clara y honesta en cada etapa del proceso.\n<\/p>\t\t<\/div>\n\t\t\t\t<\/div>\n\t\t\t\t<\/div>\n\t\t<div class=\"elementor-element elementor-element-1092864 e-con-full e-flex e-con e-child\" data-id=\"1092864\" data-element_type=\"container\" data-settings=\"{&quot;background_background&quot;:&quot;classic&quot;}\">\n\t\t\t\t<div class=\"elementor-element elementor-element-ff00b02 elementor-button-align-stretch elementor-widget elementor-widget-form\" data-id=\"ff00b02\" data-element_type=\"widget\" data-settings=\"{&quot;step_next_label&quot;:&quot;Next&quot;,&quot;step_previous_label&quot;:&quot;Previous&quot;,&quot;button_width&quot;:&quot;100&quot;,&quot;step_type&quot;:&quot;number_text&quot;,&quot;step_icon_shape&quot;:&quot;circle&quot;}\" data-widget_type=\"form.default\">\n\t\t\t\t<div class=\"elementor-widget-container\">\n\t\t\t\t\t<form class=\"elementor-form\" method=\"post\" name=\"New Form\" action=\"\">\n\t\t\t<input type=\"hidden\" name=\"post_id\" value=\"76\"\/>\n\t\t\t<input type=\"hidden\" name=\"form_id\" value=\"ff00b02\"\/>\n\t\t\t<input type=\"hidden\" name=\"referer_title\" value=\"\" \/>\n\n\t\t\t\n\t\t\t<div class=\"elementor-form-fields-wrapper elementor-labels-\">\n\t\t\t\t\t\t\t\t<div class=\"elementor-field-type-text elementor-field-group elementor-column elementor-field-group-name elementor-col-50\">\n\t\t\t\t\t\t\t\t\t\t\t\t<label for=\"form-field-name\" class=\"elementor-field-label elementor-screen-only\">\n\t\t\t\t\t\t\t\tName\t\t\t\t\t\t\t<\/label>\n\t\t\t\t\t\t\t\t\t\t\t\t\t\t<input size=\"1\" type=\"text\" name=\"form_fields[name]\" id=\"form-field-name\" class=\"elementor-field elementor-size-sm  elementor-field-textual\" placeholder=\"Your name..\">\n\t\t\t\t\t\t\t\t\t\t\t<\/div>\n\t\t\t\t\t\t\t\t<div class=\"elementor-field-type-number elementor-field-group elementor-column elementor-field-group-field_de12c98 elementor-col-50\">\n\t\t\t\t\t\t\t\t\t\t\t\t<label for=\"form-field-field_de12c98\" class=\"elementor-field-label elementor-screen-only\">\n\t\t\t\t\t\t\t\tPhone number\t\t\t\t\t\t\t<\/label>\n\t\t\t\t\t\t\t\t\t<input type=\"number\" name=\"form_fields[field_de12c98]\" id=\"form-field-field_de12c98\" class=\"elementor-field elementor-size-sm  elementor-field-textual\" placeholder=\"Phone number\" min=\"\" max=\"\" >\n\t\t\t\t\t\t<\/div>\n\t\t\t\t\t\t\t\t<div class=\"elementor-field-type-email elementor-field-group elementor-column elementor-field-group-email elementor-col-100 elementor-field-required\">\n\t\t\t\t\t\t\t\t\t\t\t\t<label for=\"form-field-email\" class=\"elementor-field-label elementor-screen-only\">\n\t\t\t\t\t\t\t\tEmail\t\t\t\t\t\t\t<\/label>\n\t\t\t\t\t\t\t\t\t\t\t\t\t\t<input size=\"1\" type=\"email\" name=\"form_fields[email]\" id=\"form-field-email\" class=\"elementor-field elementor-size-sm  elementor-field-textual\" placeholder=\"Your email...\" required=\"required\">\n\t\t\t\t\t\t\t\t\t\t\t<\/div>\n\t\t\t\t\t\t\t\t<div class=\"elementor-field-group elementor-column elementor-field-type-submit elementor-col-100 e-form__buttons\">\n\t\t\t\t\t<button class=\"elementor-button elementor-size-sm\" type=\"submit\">\n\t\t\t\t\t\t<span class=\"elementor-button-content-wrapper\">\n\t\t\t\t\t\t\t\t\t\t\t\t\t\t\t\t\t\t\t\t\t\t<span class=\"elementor-button-text\">GET QUOTES<\/span>\n\t\t\t\t\t\t\t\t\t\t\t\t\t<\/span>\n\t\t\t\t\t<\/button>\n\t\t\t\t<\/div>\n\t\t\t<\/div>\n\t\t<input type=\"hidden\" name=\"trp-form-language\" value=\"en\"\/><\/form>\n\t\t\t\t<\/div>\n\t\t\t\t<\/div>\n\t\t\t\t<\/div>\n\t\t\t\t<\/div>\n\t\t\t\t<\/div>\n\t\t\t\t<\/div>","protected":false},"excerpt":{"rendered":"<p>Servicios Inicio Servicios Servicios Nuestros servicios Asesor\u00eda Fiscal Integral Proporcionamos asesoramiento especializado en todos los aspectos fiscales, ayudando a empresas y particulares a optimizar sus responsabilidades tributarias y a cumplir con las normativas vigentes. Nuestro equipo te guiar\u00e1 en la planificaci\u00f3n fiscal estrat\u00e9gica, declaraci\u00f3n de impuestos y resoluci\u00f3n de problemas con la Agencia Tributaria. Derivaci\u00f3n [&hellip;]<\/p>","protected":false},"author":2,"featured_media":0,"parent":0,"menu_order":0,"comment_status":"closed","ping_status":"closed","template":"","meta":{"footnotes":""},"class_list":["post-76","page","type-page","status-publish","hentry"],"_links":{"self":[{"href":"https:\/\/derivacionderesponsabilidad.es\/en\/wp-json\/wp\/v2\/pages\/76","targetHints":{"allow":["GET"]}}],"collection":[{"href":"https:\/\/derivacionderesponsabilidad.es\/en\/wp-json\/wp\/v2\/pages"}],"about":[{"href":"https:\/\/derivacionderesponsabilidad.es\/en\/wp-json\/wp\/v2\/types\/page"}],"author":[{"embeddable":true,"href":"https:\/\/derivacionderesponsabilidad.es\/en\/wp-json\/wp\/v2\/users\/2"}],"replies":[{"embeddable":true,"href":"https:\/\/derivacionderesponsabilidad.es\/en\/wp-json\/wp\/v2\/comments?post=76"}],"version-history":[{"count":34,"href":"https:\/\/derivacionderesponsabilidad.es\/en\/wp-json\/wp\/v2\/pages\/76\/revisions"}],"predecessor-version":[{"id":399,"href":"https:\/\/derivacionderesponsabilidad.es\/en\/wp-json\/wp\/v2\/pages\/76\/revisions\/399"}],"wp:attachment":[{"href":"https:\/\/derivacionderesponsabilidad.es\/en\/wp-json\/wp\/v2\/media?parent=76"}],"curies":[{"name":"wp","href":"https:\/\/api.w.org\/{rel}","templated":true}]}}